{"id":393,"date":"2016-08-12T18:51:42","date_gmt":"2016-08-12T21:51:42","guid":{"rendered":"https:\/\/whatsfacil.com\/blog\/?page_id=2"},"modified":"2025-06-05T09:32:09","modified_gmt":"2025-06-05T12:32:09","slug":"redirecionamento","status":"publish","type":"page","link":"https:\/\/whatsfacil.com\/blog\/redirecionamento\/","title":{"rendered":"Redirecionamento"},"content":{"rendered":"<div id=\"inicio\"><div class=\"fusion-fullwidth fullwidth-box nonhundred-percent-fullwidth non-hundred-percent-height-scrolling\"  style='background-color: rgba(255,255,255,0);background-position: center top;background-repeat: repeat-x;padding-top:0px;padding-right:0px;padding-bottom:0px;padding-left:0px;border-top-width:0px;border-bottom-width:0px;border-color:#f0f0f0;border-top-style:solid;border-bottom-style:solid;'><div class=\"fusion-builder-row fusion-row \"><div  class=\"fusion-layout-column fusion_builder_column fusion_builder_column_1_1  fusion-one-full fusion-column-first fusion-column-last fusion-column-no-min-height 1_1\"  style='margin-top:0px;margin-bottom:0px;'>\n\t\t\t\t\t<div class=\"fusion-column-wrapper\" style=\"padding: 0px 0px 0px 0px;background-position:left top;background-repeat:no-repeat;-webkit-background-size:cover;-moz-background-size:cover;-o-background-size:cover;background-size:cover;\"  data-bg-url=\"\">\n\t\t\t\t\t\t<div class=\"fusion-sep-clear\"><\/div><div class=\"fusion-separator sep-none\" style=\"margin-left: auto;margin-right: auto;margin-top:20px;margin-bottom:20px;width:100%;max-width:60%;\"><\/div><center><script type=\"text\/javascript\">\n\tatOptions = {\n\t\t'key' : 'e306d4a7aa5353ae19b24ffa306b2ac0',\n\t\t'format' : 'iframe',\n\t\t'height' : 250,\n\t\t'width' : 300,\n\t\t'params' : {}\n\t};\n\tdocument.write('<scr' + 'ipt type=\"text\/javascript\" src=\"\/\/www.topcreativeformat.com\/e306d4a7aa5353ae19b24ffa306b2ac0\/invoke.js\"><\/scr' + 'ipt>');\n<\/script><\/center><div class=\"fusion-sep-clear\"><\/div><div class=\"fusion-separator sep-none\" style=\"margin-left: auto;margin-right: auto;margin-top:20px;margin-bottom:20px;width:100%;max-width:60%;\"><\/div><div class=\"fusion-title title fusion-sep-none fusion-title-center fusion-title-size-three\" style=\"margin-top:0px;margin-bottom:20px;\"><h3 class=\"title-heading-center\"><p style=\"text-align: center;\"><span style=\"color: #005e54; font-weight: 600;\">\u00a0AGUARDE<\/span>.<\/p><\/h3><\/div><div class=\"fusion-title title fusion-sep-none fusion-title-center fusion-title-size-one\" style=\"margin-top:0px;margin-bottom:20px;\"><h1 class=\"title-heading-center\"><p style=\"text-align: center;\">ESTAMOS TE REDIRECIONANDO PARA O <span style=\"color: #005e54;\"><b>WHATSAPP<\/b><\/span>.<\/p><\/h1><\/div><div class=\"fusion-text\"><p style=\"text-align: center;\">Clique em <strong>INICIAR CONVERSA\u00a0<\/strong>para abrir o APP.<\/p>\n<\/div><center><script type=\"text\/javascript\">\n\tatOptions = {\n\t\t'key' : 'e306d4a7aa5353ae19b24ffa306b2ac0',\n\t\t'format' : 'iframe',\n\t\t'height' : 250,\n\t\t'width' : 300,\n\t\t'params' : {}\n\t};\n\tdocument.write('<scr' + 'ipt type=\"text\/javascript\" src=\"\/\/www.topcreativeformat.com\/e306d4a7aa5353ae19b24ffa306b2ac0\/invoke.js\"><\/scr' + 'ipt>');\n<\/script><\/center><center>\n<div class=\"clever-core-ads\"><\/div>\n<\/center><div class=\"fusion-clearfix\"><\/div>\n\n\t\t\t\t\t<\/div>\n\t\t\t\t<\/div><\/div><\/div><\/div>\n<!-- AddThis Advanced Settings generic via filter on the_content --><!-- AddThis Share Buttons generic via filter on the_content -->","protected":false},"excerpt":{"rendered":"<p><!-- AddThis Advanced Settings generic via filter on get_the_excerpt --><!-- AddThis Share Buttons generic via filter on get_the_excerpt --><\/p>\n","protected":false},"author":1,"featured_media":0,"parent":0,"menu_order":0,"comment_status":"closed","ping_status":"closed","template":"100-width.php","meta":[],"yoast_head":"<!-- This site is optimized with the Yoast SEO plugin v17.6 - https:\/\/yoast.com\/wordpress\/plugins\/seo\/ -->\n<title>Chame no Whatsapp sem Adicionar - Whats F\u00e1cil - Android, iOs e Desktop<\/title>\n<meta name=\"description\" content=\"Chame qualquer pessoal no seu Whatsapp sem Adicionar! Basta digitar o n\u00famero dela e apertar em CHAMAR! Compat\u00edvel com Android, iOS e Desktop! - Whats F\u00e1cil\" \/>\n<meta name=\"robots\" content=\"index, follow, max-snippet:-1, max-image-preview:large, max-video-preview:-1\" \/>\n<link rel=\"canonical\" href=\"https:\/\/whatsfacil.com\/blog\/redirecionamento\/\" \/>\n<meta property=\"og:locale\" content=\"pt_BR\" \/>\n<meta property=\"og:type\" content=\"article\" \/>\n<meta property=\"og:title\" content=\"Chame no Whatsapp sem Adicionar - Whats F\u00e1cil - Android, iOs e Desktop\" \/>\n<meta property=\"og:description\" content=\"Chame qualquer pessoal no seu Whatsapp sem Adicionar! Basta digitar o n\u00famero dela e apertar em CHAMAR! Compat\u00edvel com Android, iOS e Desktop! - Whats F\u00e1cil\" \/>\n<meta property=\"og:url\" content=\"https:\/\/whatsfacil.com\/blog\/redirecionamento\/\" \/>\n<meta property=\"og:site_name\" content=\"Blog WhatsApp\" \/>\n<meta property=\"article:modified_time\" content=\"2025-06-05T12:32:09+00:00\" \/>\n<meta name=\"twitter:card\" content=\"summary\" \/>\n<meta name=\"twitter:label1\" content=\"Est. tempo de leitura\" \/>\n\t<meta name=\"twitter:data1\" content=\"3 minutos\" \/>\n<script type=\"application\/ld+json\" class=\"yoast-schema-graph\">{\"@context\":\"https:\/\/schema.org\",\"@graph\":[{\"@type\":\"WebSite\",\"@id\":\"https:\/\/whatsfacil.com\/blog\/#website\",\"url\":\"https:\/\/whatsfacil.com\/blog\/\",\"name\":\"Blog WhatsApp\",\"description\":\"\",\"potentialAction\":[{\"@type\":\"SearchAction\",\"target\":{\"@type\":\"EntryPoint\",\"urlTemplate\":\"https:\/\/whatsfacil.com\/blog\/?s={search_term_string}\"},\"query-input\":\"required name=search_term_string\"}],\"inLanguage\":\"pt-BR\"},{\"@type\":\"WebPage\",\"@id\":\"https:\/\/whatsfacil.com\/blog\/redirecionamento\/#webpage\",\"url\":\"https:\/\/whatsfacil.com\/blog\/redirecionamento\/\",\"name\":\"Chame no Whatsapp sem Adicionar - Whats F\\u00e1cil - Android, iOs e Desktop\",\"isPartOf\":{\"@id\":\"https:\/\/whatsfacil.com\/blog\/#website\"},\"datePublished\":\"2016-08-12T21:51:42+00:00\",\"dateModified\":\"2025-06-05T12:32:09+00:00\",\"description\":\"Chame qualquer pessoal no seu Whatsapp sem Adicionar! Basta digitar o n\\u00famero dela e apertar em CHAMAR! Compat\\u00edvel com Android, iOS e Desktop! - Whats F\\u00e1cil\",\"breadcrumb\":{\"@id\":\"https:\/\/whatsfacil.com\/blog\/redirecionamento\/#breadcrumb\"},\"inLanguage\":\"pt-BR\",\"potentialAction\":[{\"@type\":\"ReadAction\",\"target\":[\"https:\/\/whatsfacil.com\/blog\/redirecionamento\/\"]}]},{\"@type\":\"BreadcrumbList\",\"@id\":\"https:\/\/whatsfacil.com\/blog\/redirecionamento\/#breadcrumb\",\"itemListElement\":[{\"@type\":\"ListItem\",\"position\":1,\"name\":\"In\\u00edcio\",\"item\":\"https:\/\/whatsfacil.com\/blog\/\"},{\"@type\":\"ListItem\",\"position\":2,\"name\":\"Redirecionamento\"}]}]}<\/script>\n<!-- \/ Yoast SEO plugin. -->","yoast_head_json":{"title":"Chame no Whatsapp sem Adicionar - Whats F\u00e1cil - Android, iOs e Desktop","description":"Chame qualquer pessoal no seu Whatsapp sem Adicionar! Basta digitar o n\u00famero dela e apertar em CHAMAR! Compat\u00edvel com Android, iOS e Desktop! - Whats F\u00e1cil","robots":{"index":"index","follow":"follow","max-snippet":"max-snippet:-1","max-image-preview":"max-image-preview:large","max-video-preview":"max-video-preview:-1"},"canonical":"https:\/\/whatsfacil.com\/blog\/redirecionamento\/","og_locale":"pt_BR","og_type":"article","og_title":"Chame no Whatsapp sem Adicionar - Whats F\u00e1cil - Android, iOs e Desktop","og_description":"Chame qualquer pessoal no seu Whatsapp sem Adicionar! Basta digitar o n\u00famero dela e apertar em CHAMAR! Compat\u00edvel com Android, iOS e Desktop! - Whats F\u00e1cil","og_url":"https:\/\/whatsfacil.com\/blog\/redirecionamento\/","og_site_name":"Blog WhatsApp","article_modified_time":"2025-06-05T12:32:09+00:00","twitter_card":"summary","twitter_misc":{"Est. tempo de leitura":"3 minutos"},"schema":{"@context":"https:\/\/schema.org","@graph":[{"@type":"WebSite","@id":"https:\/\/whatsfacil.com\/blog\/#website","url":"https:\/\/whatsfacil.com\/blog\/","name":"Blog WhatsApp","description":"","potentialAction":[{"@type":"SearchAction","target":{"@type":"EntryPoint","urlTemplate":"https:\/\/whatsfacil.com\/blog\/?s={search_term_string}"},"query-input":"required name=search_term_string"}],"inLanguage":"pt-BR"},{"@type":"WebPage","@id":"https:\/\/whatsfacil.com\/blog\/redirecionamento\/#webpage","url":"https:\/\/whatsfacil.com\/blog\/redirecionamento\/","name":"Chame no Whatsapp sem Adicionar - Whats F\u00e1cil - Android, iOs e Desktop","isPartOf":{"@id":"https:\/\/whatsfacil.com\/blog\/#website"},"datePublished":"2016-08-12T21:51:42+00:00","dateModified":"2025-06-05T12:32:09+00:00","description":"Chame qualquer pessoal no seu Whatsapp sem Adicionar! Basta digitar o n\u00famero dela e apertar em CHAMAR! Compat\u00edvel com Android, iOS e Desktop! - Whats F\u00e1cil","breadcrumb":{"@id":"https:\/\/whatsfacil.com\/blog\/redirecionamento\/#breadcrumb"},"inLanguage":"pt-BR","potentialAction":[{"@type":"ReadAction","target":["https:\/\/whatsfacil.com\/blog\/redirecionamento\/"]}]},{"@type":"BreadcrumbList","@id":"https:\/\/whatsfacil.com\/blog\/redirecionamento\/#breadcrumb","itemListElement":[{"@type":"ListItem","position":1,"name":"In\u00edcio","item":"https:\/\/whatsfacil.com\/blog\/"},{"@type":"ListItem","position":2,"name":"Redirecionamento"}]}]}},"_links":{"self":[{"href":"https:\/\/whatsfacil.com\/blog\/wp-json\/wp\/v2\/pages\/393"}],"collection":[{"href":"https:\/\/whatsfacil.com\/blog\/wp-json\/wp\/v2\/pages"}],"about":[{"href":"https:\/\/whatsfacil.com\/blog\/wp-json\/wp\/v2\/types\/page"}],"author":[{"embeddable":true,"href":"https:\/\/whatsfacil.com\/blog\/wp-json\/wp\/v2\/users\/1"}],"replies":[{"embeddable":true,"href":"https:\/\/whatsfacil.com\/blog\/wp-json\/wp\/v2\/comments?post=393"}],"version-history":[{"count":98,"href":"https:\/\/whatsfacil.com\/blog\/wp-json\/wp\/v2\/pages\/393\/revisions"}],"predecessor-version":[{"id":709,"href":"https:\/\/whatsfacil.com\/blog\/wp-json\/wp\/v2\/pages\/393\/revisions\/709"}],"wp:attachment":[{"href":"https:\/\/whatsfacil.com\/blog\/wp-json\/wp\/v2\/media?parent=393"}],"curies":[{"name":"wp","href":"https:\/\/api.w.org\/{rel}","templated":true}]}}