{"id":461,"date":"2017-08-23T11:18:51","date_gmt":"2017-08-23T14:18:51","guid":{"rendered":"https:\/\/whatsfacil.com\/blog\/?page_id=461"},"modified":"2024-11-20T13:45:37","modified_gmt":"2024-11-20T15:45:37","slug":"whatspp-sem-adicionar","status":"publish","type":"page","link":"https:\/\/whatsfacil.com\/blog\/whatspp-sem-adicionar\/","title":{"rendered":"Whatspp sem Adicionar"},"content":{"rendered":"<p><div id=\"iniciarconversa\"><div class=\"fusion-fullwidth fullwidth-box fusion-parallax-none nonhundred-percent-fullwidth non-hundred-percent-height-scrolling\"  style='background-color: rgba(255,255,255,0);background-image: url(\"https:\/\/whatsfacil.com\/blog\/wp-content\/uploads\/2018\/03\/b29ddf01acd53e07e44d63efcc5c54a4-whatsapp-background-screensaver.jpg\");background-position: center center;background-repeat: repeat;padding-top:80px;padding-right:0px;padding-bottom:80px;padding-left:0px;border-top-width:0px;border-bottom-width:0px;border-color:rgba(97,158,133,0);border-top-style:solid;border-bottom-style:solid;'><div class=\"fusion-builder-row fusion-row \"><div  class=\"fusion-layout-column fusion_builder_column fusion_builder_column_1_1  fusion-one-full fusion-column-first fusion-column-last fusion-column-no-min-height 1_1\"  style='margin-top:0px;margin-bottom:0px;'>\n\t\t\t\t\t<div class=\"fusion-column-wrapper\" style=\"padding: 0px 0px 0px 0px;background-position:left top;background-repeat:no-repeat;-webkit-background-size:cover;-moz-background-size:cover;-o-background-size:cover;background-size:cover;\"  data-bg-url=\"\">\n\t\t\t\t\t\t<div class=\"fusion-title title fusion-sep-none fusion-title-center fusion-title-size-one\" style=\"margin-top:0px;margin-bottom:20px;\"><h1 class=\"title-heading-center\"><span style=\"color: #ffffff; font-weight: 900;\">INICIE AGORA SUA CONVERSA<\/span><\/h1><\/div><div class=\"fusion-text\"><p style=\"text-align: center;\"><span style=\"color: #fff;\">\u00c9 simples! Basta digitar o n\u00famero desejado com DDI e DDD sem espa\u00e7os e apertar INICIAR CONVERSA NO WHATSAPP!<br \/>\nExemplo: 5511999999999<\/span><br \/>\n<span style=\"color: #fff;\">\u00c9 compat\u00edvel com celulares Android, iPhones e tamb\u00e9m com Whatsapp WEB<\/span><\/p>\n<\/div><center><script type=\"text\/javascript\">\n\tatOptions = {\n\t\t'key' : 'e306d4a7aa5353ae19b24ffa306b2ac0',\n\t\t'format' : 'iframe',\n\t\t'height' : 250,\n\t\t'width' : 300,\n\t\t'params' : {}\n\t};\n\tdocument.write('<scr' + 'ipt type=\"text\/javascript\" src=\"\/\/www.topcreativeformat.com\/e306d4a7aa5353ae19b24ffa306b2ac0\/invoke.js\"><\/scr' + 'ipt>');\n<\/script><\/center>        <form action=\"https:\/\/api.whatsapp.com\/send\" method=\"get\" target=\"_Blank\">\n          <input name=\"1\" value=\"pt_BR\" type=\"hidden\">\n          <input type=\"number\" class=\"input-text\" tabindex=\"1\" id=\"url\" name=\"phone\" placeholder=\"+55 11 0 0000 0000\" \/>\n          <button class=\"fusion-button button-flat fusion-button-round button-xlarge button-default button-1 fusion-animated\" type=\"submit\">INICIAR CONVERSA NO WHATSAPP!<\/button>\n        <\/form><div class=\"fusion-clearfix\"><\/div>\n\n\t\t\t\t\t<\/div>\n\t\t\t\t<\/div><\/div><\/div><\/div><div id=\"comofunciona\"><div class=\"fusion-fullwidth fullwidth-box nonhundred-percent-fullwidth non-hundred-percent-height-scrolling\"  style='background-color: #ffffff;background-position: center bottom;background-repeat: repeat-x;padding-top:60px;padding-right:0px;padding-bottom:0px;padding-left:0px;border-top-width:0px;border-bottom-width:0px;border-color:rgba(97,158,133,0);border-top-style:solid;border-bottom-style:solid;'><div class=\"fusion-builder-row fusion-row \"><div  class=\"fusion-layout-column fusion_builder_column fusion_builder_column_1_1  fusion-one-full fusion-column-first fusion-column-last fusion-column-no-min-height 1_1\"  style='margin-top:0px;margin-bottom:0px;'>\n\t\t\t\t\t<div class=\"fusion-column-wrapper\" style=\"padding: 0px 0px 0px 0px;background-position:left top;background-repeat:no-repeat;-webkit-background-size:cover;-moz-background-size:cover;-o-background-size:cover;background-size:cover;\"  data-bg-url=\"\">\n\t\t\t\t\t\t<div class=\"fusion-title title fusion-sep-none fusion-title-center fusion-title-size-one\" style=\"margin-top:0px;margin-bottom:20px;\"><h1 class=\"title-heading-center\">COMO <span style=\"color: #39065a; font-weight: 900;\">FUNCIONA<\/span>?<\/h1><\/div><div class=\"fusion-sep-clear\"><\/div><div class=\"fusion-separator sep-none\" style=\"margin-left: auto;margin-right: auto;margin-top:10px;margin-bottom:20px;width:100%;max-width:40%;\"><\/div><div class=\"fusion-text\"><p>O <a href=\"https:\/\/whatsfacil.com\">Whatsapp<\/a> deixou de ser uma ferramenta casual. Hoje se precisamos falar com algu\u00e9m que esteja vendando algo na internet, \u00e9 obrigat\u00f3rio adicion\u00e1-lo em seus contatos. Essa exigencia tornou nossos celulares uma bagun\u00e7a. Com esse simples formul\u00e1rio voc\u00ea chama qualquer n\u00famero em quest\u00e3o de segundos sem precisar adicionar ningu\u00e9m aos seus contatos.<\/p>\n<p>N\u00e3o se preocupe que essa ferramenta n\u00e3o armazena NADA! Estamos usando uma API fornecida pelo pr\u00f3prio Whatsapp (<a href=\"https:\/\/pixelproject.com.br\/como-adicione-um-botao-do-whatsapp-em-seu-site\/\" target=\"_blank\" rel=\"noopener\">saiba mais<\/a>) para realizar a chamada. (<a href=\"https:\/\/youtu.be\/H2mfTBJ47pA\">Tutorial em V\u00eddeo<\/a>).<\/p>\n<p>Caso queira gerar um link para seu pr\u00f3prio n\u00famero do <strong>Whatsapp<\/strong> e compartilhar no Instagram, TikTok ou Facebook, utilize no <a href=\"https:\/\/whatsfacil.com\/\" target=\"_blank\" rel=\"noopener\">gerador de link whatsapp<\/a>.<\/p>\n<\/div><div class=\"fusion-clearfix\"><\/div>\n\n\t\t\t\t\t<\/div>\n\t\t\t\t<\/div><\/div><\/div><\/div><div class=\"fusion-fullwidth fullwidth-box nonhundred-percent-fullwidth non-hundred-percent-height-scrolling\"  style='background-color: rgba(255,255,255,0);background-position: center center;background-repeat: no-repeat;padding-top:0px;padding-right:0px;padding-bottom:0px;padding-left:0px;'><div class=\"fusion-builder-row fusion-row \"><div  class=\"fusion-layout-column fusion_builder_column fusion_builder_column_1_1  fusion-one-full fusion-column-first fusion-column-last 1_1\"  style='margin-top:0px;margin-bottom:20px;'>\n\t\t\t\t\t<div class=\"fusion-column-wrapper\" style=\"padding: 0px 0px 0px 0px;background-position:left top;background-repeat:no-repeat;-webkit-background-size:cover;-moz-background-size:cover;-o-background-size:cover;background-size:cover;\"  data-bg-url=\"\">\n\t\t\t\t\t\t<div class=\"fusion-blog-shortcode fusion-blog-shortcode-1 fusion-blog-archive fusion-blog-layout-grid-wrapper fusion-blog-pagination fusion-blog-no-images\"><style type=\"text\/css\">.fusion-blog-shortcode-1 .fusion-blog-layout-grid .fusion-post-grid{padding:20px;}.fusion-blog-shortcode-1 .fusion-posts-container{margin-left: -20px !important; margin-right:-20px !important;}<\/style><div class=\"fusion-posts-container fusion-posts-container-pagination fusion-no-meta-info fusion-blog-layout-grid fusion-blog-layout-grid-4 isotope fusion-blog-equal-heights\" data-pages=\"4\" data-grid-col-space=\"40\" style=\"margin: -20px -20px 0;min-height:500px;\"><article id=\"blog-1-post-687\" class=\"fusion-post-grid post-687 post type-post status-publish format-standard has-post-thumbnail hentry category-dicas\">\n<div class=\"fusion-post-wrapper\" style=\"background-color:rgba(255,255,255,0);border:1px solid #e8e8e8;border-bottom-width:3px;\"><div class=\"fusion-post-content-wrapper\" style=\"padding:30px 25px 20px 25px;\"><div class=\"fusion-post-content post-content\"><h2 class=\"blog-shortcode-post-title entry-title\"><a href=\"https:\/\/whatsfacil.com\/blog\/como-encontrar-o-whatsapp-de-mecanicos-auto-pecas-funileiros-e-esteticas-automotivas-na-sua-regiao\/\">Como Encontrar o WhatsApp de Mec\u00e2nicos, Auto Pe\u00e7as, Funileiros e Est\u00e9ticas Automotivas na Sua Regi\u00e3o<\/a><\/h2><div class=\"fusion-post-content-container\"><p>Quando precisamos de servi\u00e7os automotivos, seja para reparos, manuten\u00e7\u00e3o ou [...]<\/p><\/div><\/div><\/div><div class=\"fusion-clearfix\"><\/div><\/div>\n<\/article>\n<article id=\"blog-1-post-682\" class=\"fusion-post-grid post-682 post type-post status-publish format-standard has-post-thumbnail hentry category-sem-categoria\">\n<div class=\"fusion-post-wrapper\" style=\"background-color:rgba(255,255,255,0);border:1px solid #e8e8e8;border-bottom-width:3px;\"><div class=\"fusion-post-content-wrapper\" style=\"padding:30px 25px 20px 25px;\"><div class=\"fusion-post-content post-content\"><h2 class=\"blog-shortcode-post-title entry-title\"><a href=\"https:\/\/whatsfacil.com\/blog\/sweet-bonanza-dive-into-the-irresistible-allure-of-this-casino-adventure\/\">Sweet Bonanza: Dive into the Irresistible Allure of This Casino Adventure<\/a><\/h2><div class=\"fusion-post-content-container\"><p>Embark on a delectable journey into the enchanting realm of [...]<\/p><\/div><\/div><\/div><div class=\"fusion-clearfix\"><\/div><\/div>\n<\/article>\n<article id=\"blog-1-post-666\" class=\"fusion-post-grid post-666 post type-post status-publish format-standard has-post-thumbnail hentry category-news\">\n<div class=\"fusion-post-wrapper\" style=\"background-color:rgba(255,255,255,0);border:1px solid #e8e8e8;border-bottom-width:3px;\"><div class=\"fusion-post-content-wrapper\" style=\"padding:30px 25px 20px 25px;\"><div class=\"fusion-post-content post-content\"><h2 class=\"blog-shortcode-post-title entry-title\"><a href=\"https:\/\/whatsfacil.com\/blog\/como-decidir-se-um-trabalho-pode-virar-um-artigo\/\">Como decidir se um trabalho pode virar um artigo<\/a><\/h2><div class=\"fusion-post-content-container\"><p>Nem todos os trabalhos escolares s\u00e3o adequados para se tornarem [...]<\/p><\/div><\/div><\/div><div class=\"fusion-clearfix\"><\/div><\/div>\n<\/article>\n<article id=\"blog-1-post-649\" class=\"fusion-post-grid post-649 post type-post status-publish format-standard has-post-thumbnail hentry category-dicas\">\n<div class=\"fusion-post-wrapper\" style=\"background-color:rgba(255,255,255,0);border:1px solid #e8e8e8;border-bottom-width:3px;\"><div class=\"fusion-post-content-wrapper\" style=\"padding:30px 25px 20px 25px;\"><div class=\"fusion-post-content post-content\"><h2 class=\"blog-shortcode-post-title entry-title\"><a href=\"https:\/\/whatsfacil.com\/blog\/melhores-nomes-para-grupos-de-amigos-no-whatsapp\/\">Melhores nomes para grupos de amigos no WhatsApp<\/a><\/h2><div class=\"fusion-post-content-container\"><p>Hoje em dia, o WhatsApp se tornou uma ferramenta indispens\u00e1vel [...]<\/p><\/div><\/div><\/div><div class=\"fusion-clearfix\"><\/div><\/div>\n<\/article>\n<article id=\"blog-1-post-635\" class=\"fusion-post-grid post-635 post type-post status-publish format-standard has-post-thumbnail hentry category-dicas\">\n<div class=\"fusion-post-wrapper\" style=\"background-color:rgba(255,255,255,0);border:1px solid #e8e8e8;border-bottom-width:3px;\"><div class=\"fusion-post-content-wrapper\" style=\"padding:30px 25px 20px 25px;\"><div class=\"fusion-post-content post-content\"><h2 class=\"blog-shortcode-post-title entry-title\"><a href=\"https:\/\/whatsfacil.com\/blog\/5-melhores-aplicativos-de-apostas-em-futebol-para-obter-as-melhores-emocoes\/\">5 melhores aplicativos de apostas em futebol para obter as melhores emo\u00e7\u00f5es<\/a><\/h2><div class=\"fusion-post-content-container\"><p>Voc\u00ea \u00e9 um f\u00e3 fan\u00e1tico por futebol que adora a [...]<\/p><\/div><\/div><\/div><div class=\"fusion-clearfix\"><\/div><\/div>\n<\/article>\n<article id=\"blog-1-post-629\" class=\"fusion-post-grid post-629 post type-post status-publish format-standard has-post-thumbnail hentry category-news\">\n<div class=\"fusion-post-wrapper\" style=\"background-color:rgba(255,255,255,0);border:1px solid #e8e8e8;border-bottom-width:3px;\"><div class=\"fusion-post-content-wrapper\" style=\"padding:30px 25px 20px 25px;\"><div class=\"fusion-post-content post-content\"><h2 class=\"blog-shortcode-post-title entry-title\"><a href=\"https:\/\/whatsfacil.com\/blog\/ficou-mais-facil-trair-pelo-whatsapp-entenda-o-porque\/\">Ficou mais f\u00e1cil trair pelo WhatsApp; entenda o porqu\u00ea<\/a><\/h2><div class=\"fusion-post-content-container\"><p>As atualiza\u00e7\u00f5es do WhatsApp sempre pegam muitos usu\u00e1rios de surpresa. [...]<\/p><\/div><\/div><\/div><div class=\"fusion-clearfix\"><\/div><\/div>\n<\/article>\n<div class=\"fusion-clearfix\"><\/div><\/div><div class=\"pagination clearfix\"><span class=\"current\">1<\/span><a href=\"https:\/\/whatsfacil.com\/blog\/wp-json\/wp\/v2\/pages\/461\/page\/2\/\" class=\"inactive\">2<\/a><a class=\"pagination-next\" href=\"https:\/\/whatsfacil.com\/blog\/wp-json\/wp\/v2\/pages\/461\/page\/2\/\"><span class=\"page-text\">Next<\/span><span class=\"page-next\"><\/span><\/a><\/div><div class=\"fusion-clearfix\"><\/div><\/div><div class=\"fusion-clearfix\"><\/div>\n\n\t\t\t\t\t<\/div>\n\t\t\t\t<\/div><\/div><\/div><\/p>\n<!-- AddThis Advanced Settings generic via filter on the_content --><!-- AddThis Share Buttons generic via filter on the_content -->","protected":false},"excerpt":{"rendered":"<p><!-- AddThis Advanced Settings generic via filter on get_the_excerpt --><!-- AddThis Share Buttons generic via filter on get_the_excerpt --><\/p>\n","protected":false},"author":1,"featured_media":0,"parent":0,"menu_order":0,"comment_status":"closed","ping_status":"closed","template":"100-width.php","meta":[],"yoast_head":"<!-- This site is optimized with the Yoast SEO plugin v17.6 - https:\/\/yoast.com\/wordpress\/plugins\/seo\/ -->\n<title>Chamar no Whatspp sem adicionar | Conversa Whatsapp sem Adicionar<\/title>\n<meta name=\"description\" content=\"N\u00e3o perca mais tempo adicionando contatos r\u00e1pidos em seu celular, utilize nosso formul\u00e1rio para realizar uma chamada direta em seu Whatsapp! Vai conversar com o entregar do pizza ou um vendedor? Use nosso formul\u00e1rio para chama-lo sem precisar adicionar. Funciona no Android, iOS e Windows.\" \/>\n<meta name=\"robots\" content=\"index, follow, max-snippet:-1, max-image-preview:large, max-video-preview:-1\" \/>\n<link rel=\"canonical\" href=\"https:\/\/whatsfacil.com\/blog\/whatspp-sem-adicionar\/\" \/>\n<meta property=\"og:locale\" content=\"pt_BR\" \/>\n<meta property=\"og:type\" content=\"article\" \/>\n<meta property=\"og:title\" content=\"Chamar no Whatspp sem adicionar | Conversa Whatsapp sem Adicionar\" \/>\n<meta property=\"og:description\" content=\"N\u00e3o perca mais tempo adicionando contatos r\u00e1pidos em seu celular, utilize nosso formul\u00e1rio para realizar uma chamada direta em seu Whatsapp! Vai conversar com o entregar do pizza ou um vendedor? Use nosso formul\u00e1rio para chama-lo sem precisar adicionar. Funciona no Android, iOS e Windows.\" \/>\n<meta property=\"og:url\" content=\"https:\/\/whatsfacil.com\/blog\/whatspp-sem-adicionar\/\" \/>\n<meta property=\"og:site_name\" content=\"Blog WhatsApp\" \/>\n<meta property=\"article:modified_time\" content=\"2024-11-20T15:45:37+00:00\" \/>\n<meta property=\"og:image\" content=\"https:\/\/whatsfacil.com\/wp-content\/uploads\/2018\/03\/whatsfacil.jpg\" \/>\n<meta name=\"twitter:card\" content=\"summary\" \/>\n<meta name=\"twitter:label1\" content=\"Est. tempo de leitura\" \/>\n\t<meta name=\"twitter:data1\" content=\"3 minutos\" \/>\n<script type=\"application\/ld+json\" class=\"yoast-schema-graph\">{\"@context\":\"https:\/\/schema.org\",\"@graph\":[{\"@type\":\"WebSite\",\"@id\":\"https:\/\/whatsfacil.com\/blog\/#website\",\"url\":\"https:\/\/whatsfacil.com\/blog\/\",\"name\":\"Blog WhatsApp\",\"description\":\"\",\"potentialAction\":[{\"@type\":\"SearchAction\",\"target\":{\"@type\":\"EntryPoint\",\"urlTemplate\":\"https:\/\/whatsfacil.com\/blog\/?s={search_term_string}\"},\"query-input\":\"required name=search_term_string\"}],\"inLanguage\":\"pt-BR\"},{\"@type\":\"ImageObject\",\"@id\":\"https:\/\/whatsfacil.com\/blog\/whatspp-sem-adicionar\/#primaryimage\",\"inLanguage\":\"pt-BR\",\"url\":\"\",\"contentUrl\":\"\"},{\"@type\":\"WebPage\",\"@id\":\"https:\/\/whatsfacil.com\/blog\/whatspp-sem-adicionar\/#webpage\",\"url\":\"https:\/\/whatsfacil.com\/blog\/whatspp-sem-adicionar\/\",\"name\":\"Chamar no Whatspp sem adicionar | Conversa Whatsapp sem Adicionar\",\"isPartOf\":{\"@id\":\"https:\/\/whatsfacil.com\/blog\/#website\"},\"datePublished\":\"2017-08-23T14:18:51+00:00\",\"dateModified\":\"2024-11-20T15:45:37+00:00\",\"description\":\"N\\u00e3o perca mais tempo adicionando contatos r\\u00e1pidos em seu celular, utilize nosso formul\\u00e1rio para realizar uma chamada direta em seu Whatsapp! Vai conversar com o entregar do pizza ou um vendedor? Use nosso formul\\u00e1rio para chama-lo sem precisar adicionar. Funciona no Android, iOS e Windows.\",\"breadcrumb\":{\"@id\":\"https:\/\/whatsfacil.com\/blog\/whatspp-sem-adicionar\/#breadcrumb\"},\"inLanguage\":\"pt-BR\",\"potentialAction\":[{\"@type\":\"ReadAction\",\"target\":[\"https:\/\/whatsfacil.com\/blog\/whatspp-sem-adicionar\/\"]}]},{\"@type\":\"BreadcrumbList\",\"@id\":\"https:\/\/whatsfacil.com\/blog\/whatspp-sem-adicionar\/#breadcrumb\",\"itemListElement\":[{\"@type\":\"ListItem\",\"position\":1,\"name\":\"In\\u00edcio\",\"item\":\"https:\/\/whatsfacil.com\/blog\/\"},{\"@type\":\"ListItem\",\"position\":2,\"name\":\"Whatspp sem Adicionar\"}]}]}<\/script>\n<!-- \/ Yoast SEO plugin. -->","yoast_head_json":{"title":"Chamar no Whatspp sem adicionar | Conversa Whatsapp sem Adicionar","description":"N\u00e3o perca mais tempo adicionando contatos r\u00e1pidos em seu celular, utilize nosso formul\u00e1rio para realizar uma chamada direta em seu Whatsapp! Vai conversar com o entregar do pizza ou um vendedor? Use nosso formul\u00e1rio para chama-lo sem precisar adicionar. Funciona no Android, iOS e Windows.","robots":{"index":"index","follow":"follow","max-snippet":"max-snippet:-1","max-image-preview":"max-image-preview:large","max-video-preview":"max-video-preview:-1"},"canonical":"https:\/\/whatsfacil.com\/blog\/whatspp-sem-adicionar\/","og_locale":"pt_BR","og_type":"article","og_title":"Chamar no Whatspp sem adicionar | Conversa Whatsapp sem Adicionar","og_description":"N\u00e3o perca mais tempo adicionando contatos r\u00e1pidos em seu celular, utilize nosso formul\u00e1rio para realizar uma chamada direta em seu Whatsapp! Vai conversar com o entregar do pizza ou um vendedor? Use nosso formul\u00e1rio para chama-lo sem precisar adicionar. Funciona no Android, iOS e Windows.","og_url":"https:\/\/whatsfacil.com\/blog\/whatspp-sem-adicionar\/","og_site_name":"Blog WhatsApp","article_modified_time":"2024-11-20T15:45:37+00:00","og_image":[{"url":"https:\/\/whatsfacil.com\/wp-content\/uploads\/2018\/03\/whatsfacil.jpg"}],"twitter_card":"summary","twitter_misc":{"Est. tempo de leitura":"3 minutos"},"schema":{"@context":"https:\/\/schema.org","@graph":[{"@type":"WebSite","@id":"https:\/\/whatsfacil.com\/blog\/#website","url":"https:\/\/whatsfacil.com\/blog\/","name":"Blog WhatsApp","description":"","potentialAction":[{"@type":"SearchAction","target":{"@type":"EntryPoint","urlTemplate":"https:\/\/whatsfacil.com\/blog\/?s={search_term_string}"},"query-input":"required name=search_term_string"}],"inLanguage":"pt-BR"},{"@type":"ImageObject","@id":"https:\/\/whatsfacil.com\/blog\/whatspp-sem-adicionar\/#primaryimage","inLanguage":"pt-BR","url":"","contentUrl":""},{"@type":"WebPage","@id":"https:\/\/whatsfacil.com\/blog\/whatspp-sem-adicionar\/#webpage","url":"https:\/\/whatsfacil.com\/blog\/whatspp-sem-adicionar\/","name":"Chamar no Whatspp sem adicionar | Conversa Whatsapp sem Adicionar","isPartOf":{"@id":"https:\/\/whatsfacil.com\/blog\/#website"},"datePublished":"2017-08-23T14:18:51+00:00","dateModified":"2024-11-20T15:45:37+00:00","description":"N\u00e3o perca mais tempo adicionando contatos r\u00e1pidos em seu celular, utilize nosso formul\u00e1rio para realizar uma chamada direta em seu Whatsapp! Vai conversar com o entregar do pizza ou um vendedor? Use nosso formul\u00e1rio para chama-lo sem precisar adicionar. Funciona no Android, iOS e Windows.","breadcrumb":{"@id":"https:\/\/whatsfacil.com\/blog\/whatspp-sem-adicionar\/#breadcrumb"},"inLanguage":"pt-BR","potentialAction":[{"@type":"ReadAction","target":["https:\/\/whatsfacil.com\/blog\/whatspp-sem-adicionar\/"]}]},{"@type":"BreadcrumbList","@id":"https:\/\/whatsfacil.com\/blog\/whatspp-sem-adicionar\/#breadcrumb","itemListElement":[{"@type":"ListItem","position":1,"name":"In\u00edcio","item":"https:\/\/whatsfacil.com\/blog\/"},{"@type":"ListItem","position":2,"name":"Whatspp sem Adicionar"}]}]}},"_links":{"self":[{"href":"https:\/\/whatsfacil.com\/blog\/wp-json\/wp\/v2\/pages\/461"}],"collection":[{"href":"https:\/\/whatsfacil.com\/blog\/wp-json\/wp\/v2\/pages"}],"about":[{"href":"https:\/\/whatsfacil.com\/blog\/wp-json\/wp\/v2\/types\/page"}],"author":[{"embeddable":true,"href":"https:\/\/whatsfacil.com\/blog\/wp-json\/wp\/v2\/users\/1"}],"replies":[{"embeddable":true,"href":"https:\/\/whatsfacil.com\/blog\/wp-json\/wp\/v2\/comments?post=461"}],"version-history":[{"count":48,"href":"https:\/\/whatsfacil.com\/blog\/wp-json\/wp\/v2\/pages\/461\/revisions"}],"predecessor-version":[{"id":700,"href":"https:\/\/whatsfacil.com\/blog\/wp-json\/wp\/v2\/pages\/461\/revisions\/700"}],"wp:attachment":[{"href":"https:\/\/whatsfacil.com\/blog\/wp-json\/wp\/v2\/media?parent=461"}],"curies":[{"name":"wp","href":"https:\/\/api.w.org\/{rel}","templated":true}]}}